{"id":567,"date":"2022-02-15T09:52:47","date_gmt":"2022-02-15T14:52:47","guid":{"rendered":"https:\/\/festivalfudge.ca\/zone-scolaire\/"},"modified":"2022-03-21T22:34:10","modified_gmt":"2022-03-22T02:34:10","slug":"schools","status":"publish","type":"page","link":"https:\/\/festivalfudge.ca\/en\/schools\/","title":{"rendered":"Schools"},"content":{"rendered":"","protected":false},"excerpt":{"rendered":"","protected":false},"author":1,"featured_media":0,"parent":0,"menu_order":0,"comment_status":"closed","ping_status":"closed","template":"page-zone-scolaire.php","meta":{"_acf_changed":false,"inline_featured_image":false,"footnotes":""},"class_list":["post-567","page","type-page","status-publish","hentry"],"acf":[],"yoast_head":"<!-- This site is optimized with the Yoast SEO plugin v27.3 - https:\/\/yoast.com\/product\/yoast-seo-wordpress\/ -->\n<title>Schools - Festival Fudge<\/title>\n<meta name=\"robots\" content=\"index, follow, max-snippet:-1, max-image-preview:large, max-video-preview:-1\" \/>\n<link rel=\"canonical\" href=\"https:\/\/festivalfudge.ca\/en\/schools\/\" \/>\n<meta property=\"og:locale\" content=\"en_US\" \/>\n<meta property=\"og:type\" content=\"article\" \/>\n<meta property=\"og:title\" content=\"Schools - Festival Fudge\" \/>\n<meta property=\"og:url\" content=\"https:\/\/festivalfudge.ca\/en\/schools\/\" \/>\n<meta property=\"og:site_name\" content=\"Festival Fudge\" \/>\n<meta property=\"article:modified_time\" content=\"2022-03-22T02:34:10+00:00\" \/>\n<meta name=\"twitter:card\" content=\"summary_large_image\" \/>\n<script type=\"application\/ld+json\" class=\"yoast-schema-graph\">{\"@context\":\"https:\\\/\\\/schema.org\",\"@graph\":[{\"@type\":\"WebPage\",\"@id\":\"https:\\\/\\\/festivalfudge.ca\\\/en\\\/schools\\\/\",\"url\":\"https:\\\/\\\/festivalfudge.ca\\\/en\\\/schools\\\/\",\"name\":\"Schools - Festival Fudge\",\"isPartOf\":{\"@id\":\"https:\\\/\\\/festivalfudge.ca\\\/en\\\/#website\"},\"datePublished\":\"2022-02-15T14:52:47+00:00\",\"dateModified\":\"2022-03-22T02:34:10+00:00\",\"breadcrumb\":{\"@id\":\"https:\\\/\\\/festivalfudge.ca\\\/en\\\/schools\\\/#breadcrumb\"},\"inLanguage\":\"en-CA\",\"potentialAction\":[{\"@type\":\"ReadAction\",\"target\":[\"https:\\\/\\\/festivalfudge.ca\\\/en\\\/schools\\\/\"]}]},{\"@type\":\"BreadcrumbList\",\"@id\":\"https:\\\/\\\/festivalfudge.ca\\\/en\\\/schools\\\/#breadcrumb\",\"itemListElement\":[{\"@type\":\"ListItem\",\"position\":1,\"name\":\"Home\",\"item\":\"https:\\\/\\\/festivalfudge.ca\\\/en\\\/\"},{\"@type\":\"ListItem\",\"position\":2,\"name\":\"Schools\"}]},{\"@type\":\"WebSite\",\"@id\":\"https:\\\/\\\/festivalfudge.ca\\\/en\\\/#website\",\"url\":\"https:\\\/\\\/festivalfudge.ca\\\/en\\\/\",\"name\":\"Festival Fudge\",\"description\":\"Le premier festival en Am\u00e9rique du Nord consacr\u00e9 \u00e0 la danse contemporaine pour enfants\",\"potentialAction\":[{\"@type\":\"SearchAction\",\"target\":{\"@type\":\"EntryPoint\",\"urlTemplate\":\"https:\\\/\\\/festivalfudge.ca\\\/en\\\/?s={search_term_string}\"},\"query-input\":{\"@type\":\"PropertyValueSpecification\",\"valueRequired\":true,\"valueName\":\"search_term_string\"}}],\"inLanguage\":\"en-CA\"}]}<\/script>\n<!-- \/ Yoast SEO plugin. -->","yoast_head_json":{"title":"Schools - Festival Fudge","robots":{"index":"index","follow":"follow","max-snippet":"max-snippet:-1","max-image-preview":"max-image-preview:large","max-video-preview":"max-video-preview:-1"},"canonical":"https:\/\/festivalfudge.ca\/en\/schools\/","og_locale":"en_US","og_type":"article","og_title":"Schools - Festival Fudge","og_url":"https:\/\/festivalfudge.ca\/en\/schools\/","og_site_name":"Festival Fudge","article_modified_time":"2022-03-22T02:34:10+00:00","twitter_card":"summary_large_image","schema":{"@context":"https:\/\/schema.org","@graph":[{"@type":"WebPage","@id":"https:\/\/festivalfudge.ca\/en\/schools\/","url":"https:\/\/festivalfudge.ca\/en\/schools\/","name":"Schools - Festival Fudge","isPartOf":{"@id":"https:\/\/festivalfudge.ca\/en\/#website"},"datePublished":"2022-02-15T14:52:47+00:00","dateModified":"2022-03-22T02:34:10+00:00","breadcrumb":{"@id":"https:\/\/festivalfudge.ca\/en\/schools\/#breadcrumb"},"inLanguage":"en-CA","potentialAction":[{"@type":"ReadAction","target":["https:\/\/festivalfudge.ca\/en\/schools\/"]}]},{"@type":"BreadcrumbList","@id":"https:\/\/festivalfudge.ca\/en\/schools\/#breadcrumb","itemListElement":[{"@type":"ListItem","position":1,"name":"Home","item":"https:\/\/festivalfudge.ca\/en\/"},{"@type":"ListItem","position":2,"name":"Schools"}]},{"@type":"WebSite","@id":"https:\/\/festivalfudge.ca\/en\/#website","url":"https:\/\/festivalfudge.ca\/en\/","name":"Festival Fudge","description":"Le premier festival en Am\u00e9rique du Nord consacr\u00e9 \u00e0 la danse contemporaine pour enfants","potentialAction":[{"@type":"SearchAction","target":{"@type":"EntryPoint","urlTemplate":"https:\/\/festivalfudge.ca\/en\/?s={search_term_string}"},"query-input":{"@type":"PropertyValueSpecification","valueRequired":true,"valueName":"search_term_string"}}],"inLanguage":"en-CA"}]}},"_links":{"self":[{"href":"https:\/\/festivalfudge.ca\/en\/wp-json\/wp\/v2\/pages\/567","targetHints":{"allow":["GET"]}}],"collection":[{"href":"https:\/\/festivalfudge.ca\/en\/wp-json\/wp\/v2\/pages"}],"about":[{"href":"https:\/\/festivalfudge.ca\/en\/wp-json\/wp\/v2\/types\/page"}],"author":[{"embeddable":true,"href":"https:\/\/festivalfudge.ca\/en\/wp-json\/wp\/v2\/users\/1"}],"replies":[{"embeddable":true,"href":"https:\/\/festivalfudge.ca\/en\/wp-json\/wp\/v2\/comments?post=567"}],"version-history":[{"count":0,"href":"https:\/\/festivalfudge.ca\/en\/wp-json\/wp\/v2\/pages\/567\/revisions"}],"wp:attachment":[{"href":"https:\/\/festivalfudge.ca\/en\/wp-json\/wp\/v2\/media?parent=567"}],"curies":[{"name":"wp","href":"https:\/\/api.w.org\/{rel}","templated":true}]}}