{"id":565,"date":"2022-02-15T09:54:54","date_gmt":"2022-02-15T14:54:54","guid":{"rendered":"https:\/\/festivalfudge.ca\/partenaires\/"},"modified":"2022-05-30T15:18:00","modified_gmt":"2022-05-30T19:18:00","slug":"partners","status":"publish","type":"page","link":"https:\/\/festivalfudge.ca\/en\/partners\/","title":{"rendered":"Partners"},"content":{"rendered":"","protected":false},"excerpt":{"rendered":"","protected":false},"author":1,"featured_media":0,"parent":0,"menu_order":0,"comment_status":"closed","ping_status":"closed","template":"page-partenaires.php","meta":{"_acf_changed":false,"inline_featured_image":false,"footnotes":""},"class_list":["post-565","page","type-page","status-publish","hentry"],"acf":[],"yoast_head":"<!-- This site is optimized with the Yoast SEO plugin v27.3 - https:\/\/yoast.com\/product\/yoast-seo-wordpress\/ -->\n<title>Partners - Festival Fudge<\/title>\n<meta name=\"description\" content=\"FUDGE Festival | The realisation of this first edition of the festival is made possible thanks to the collaboration of numerous partners.\" \/>\n<meta name=\"robots\" content=\"index, follow, max-snippet:-1, max-image-preview:large, max-video-preview:-1\" \/>\n<link rel=\"canonical\" href=\"https:\/\/festivalfudge.ca\/en\/partners\/\" \/>\n<meta property=\"og:locale\" content=\"en_US\" \/>\n<meta property=\"og:type\" content=\"article\" \/>\n<meta property=\"og:title\" content=\"Partners - Festival Fudge\" \/>\n<meta property=\"og:description\" content=\"FUDGE Festival | The realisation of this first edition of the festival is made possible thanks to the collaboration of numerous partners.\" \/>\n<meta property=\"og:url\" content=\"https:\/\/festivalfudge.ca\/en\/partners\/\" \/>\n<meta property=\"og:site_name\" content=\"Festival Fudge\" \/>\n<meta property=\"article:modified_time\" content=\"2022-05-30T19:18:00+00:00\" \/>\n<meta name=\"twitter:card\" content=\"summary_large_image\" \/>\n<script type=\"application\/ld+json\" class=\"yoast-schema-graph\">{\"@context\":\"https:\\\/\\\/schema.org\",\"@graph\":[{\"@type\":\"WebPage\",\"@id\":\"https:\\\/\\\/festivalfudge.ca\\\/en\\\/partners\\\/\",\"url\":\"https:\\\/\\\/festivalfudge.ca\\\/en\\\/partners\\\/\",\"name\":\"Partners - Festival Fudge\",\"isPartOf\":{\"@id\":\"https:\\\/\\\/festivalfudge.ca\\\/en\\\/#website\"},\"datePublished\":\"2022-02-15T14:54:54+00:00\",\"dateModified\":\"2022-05-30T19:18:00+00:00\",\"description\":\"FUDGE Festival | The realisation of this first edition of the festival is made possible thanks to the collaboration of numerous partners.\",\"breadcrumb\":{\"@id\":\"https:\\\/\\\/festivalfudge.ca\\\/en\\\/partners\\\/#breadcrumb\"},\"inLanguage\":\"en-CA\",\"potentialAction\":[{\"@type\":\"ReadAction\",\"target\":[\"https:\\\/\\\/festivalfudge.ca\\\/en\\\/partners\\\/\"]}]},{\"@type\":\"BreadcrumbList\",\"@id\":\"https:\\\/\\\/festivalfudge.ca\\\/en\\\/partners\\\/#breadcrumb\",\"itemListElement\":[{\"@type\":\"ListItem\",\"position\":1,\"name\":\"Home\",\"item\":\"https:\\\/\\\/festivalfudge.ca\\\/en\\\/\"},{\"@type\":\"ListItem\",\"position\":2,\"name\":\"Partners\"}]},{\"@type\":\"WebSite\",\"@id\":\"https:\\\/\\\/festivalfudge.ca\\\/en\\\/#website\",\"url\":\"https:\\\/\\\/festivalfudge.ca\\\/en\\\/\",\"name\":\"Festival Fudge\",\"description\":\"Le premier festival en Am\u00e9rique du Nord consacr\u00e9 \u00e0 la danse contemporaine pour enfants\",\"potentialAction\":[{\"@type\":\"SearchAction\",\"target\":{\"@type\":\"EntryPoint\",\"urlTemplate\":\"https:\\\/\\\/festivalfudge.ca\\\/en\\\/?s={search_term_string}\"},\"query-input\":{\"@type\":\"PropertyValueSpecification\",\"valueRequired\":true,\"valueName\":\"search_term_string\"}}],\"inLanguage\":\"en-CA\"}]}<\/script>\n<!-- \/ Yoast SEO plugin. -->","yoast_head_json":{"title":"Partners - Festival Fudge","description":"FUDGE Festival | The realisation of this first edition of the festival is made possible thanks to the collaboration of numerous partners.","robots":{"index":"index","follow":"follow","max-snippet":"max-snippet:-1","max-image-preview":"max-image-preview:large","max-video-preview":"max-video-preview:-1"},"canonical":"https:\/\/festivalfudge.ca\/en\/partners\/","og_locale":"en_US","og_type":"article","og_title":"Partners - Festival Fudge","og_description":"FUDGE Festival | The realisation of this first edition of the festival is made possible thanks to the collaboration of numerous partners.","og_url":"https:\/\/festivalfudge.ca\/en\/partners\/","og_site_name":"Festival Fudge","article_modified_time":"2022-05-30T19:18:00+00:00","twitter_card":"summary_large_image","schema":{"@context":"https:\/\/schema.org","@graph":[{"@type":"WebPage","@id":"https:\/\/festivalfudge.ca\/en\/partners\/","url":"https:\/\/festivalfudge.ca\/en\/partners\/","name":"Partners - Festival Fudge","isPartOf":{"@id":"https:\/\/festivalfudge.ca\/en\/#website"},"datePublished":"2022-02-15T14:54:54+00:00","dateModified":"2022-05-30T19:18:00+00:00","description":"FUDGE Festival | The realisation of this first edition of the festival is made possible thanks to the collaboration of numerous partners.","breadcrumb":{"@id":"https:\/\/festivalfudge.ca\/en\/partners\/#breadcrumb"},"inLanguage":"en-CA","potentialAction":[{"@type":"ReadAction","target":["https:\/\/festivalfudge.ca\/en\/partners\/"]}]},{"@type":"BreadcrumbList","@id":"https:\/\/festivalfudge.ca\/en\/partners\/#breadcrumb","itemListElement":[{"@type":"ListItem","position":1,"name":"Home","item":"https:\/\/festivalfudge.ca\/en\/"},{"@type":"ListItem","position":2,"name":"Partners"}]},{"@type":"WebSite","@id":"https:\/\/festivalfudge.ca\/en\/#website","url":"https:\/\/festivalfudge.ca\/en\/","name":"Festival Fudge","description":"Le premier festival en Am\u00e9rique du Nord consacr\u00e9 \u00e0 la danse contemporaine pour enfants","potentialAction":[{"@type":"SearchAction","target":{"@type":"EntryPoint","urlTemplate":"https:\/\/festivalfudge.ca\/en\/?s={search_term_string}"},"query-input":{"@type":"PropertyValueSpecification","valueRequired":true,"valueName":"search_term_string"}}],"inLanguage":"en-CA"}]}},"_links":{"self":[{"href":"https:\/\/festivalfudge.ca\/en\/wp-json\/wp\/v2\/pages\/565","targetHints":{"allow":["GET"]}}],"collection":[{"href":"https:\/\/festivalfudge.ca\/en\/wp-json\/wp\/v2\/pages"}],"about":[{"href":"https:\/\/festivalfudge.ca\/en\/wp-json\/wp\/v2\/types\/page"}],"author":[{"embeddable":true,"href":"https:\/\/festivalfudge.ca\/en\/wp-json\/wp\/v2\/users\/1"}],"replies":[{"embeddable":true,"href":"https:\/\/festivalfudge.ca\/en\/wp-json\/wp\/v2\/comments?post=565"}],"version-history":[{"count":0,"href":"https:\/\/festivalfudge.ca\/en\/wp-json\/wp\/v2\/pages\/565\/revisions"}],"wp:attachment":[{"href":"https:\/\/festivalfudge.ca\/en\/wp-json\/wp\/v2\/media?parent=565"}],"curies":[{"name":"wp","href":"https:\/\/api.w.org\/{rel}","templated":true}]}}