{"id":539,"date":"2022-02-15T09:53:12","date_gmt":"2022-02-15T14:53:12","guid":{"rendered":"https:\/\/festivalfudge.ca\/espace-professionnel\/"},"modified":"2022-03-21T22:24:23","modified_gmt":"2022-03-22T02:24:23","slug":"for-professionals","status":"publish","type":"page","link":"https:\/\/festivalfudge.ca\/en\/for-professionals\/","title":{"rendered":"For professionals"},"content":{"rendered":"","protected":false},"excerpt":{"rendered":"","protected":false},"author":1,"featured_media":0,"parent":0,"menu_order":0,"comment_status":"closed","ping_status":"closed","template":"page-espace-professionnel.php","meta":{"_acf_changed":false,"inline_featured_image":false,"footnotes":""},"class_list":["post-539","page","type-page","status-publish","hentry"],"acf":[],"yoast_head":"<!-- This site is optimized with the Yoast SEO plugin v27.4 - https:\/\/yoast.com\/product\/yoast-seo-wordpress\/ -->\n<title>For professionals - Festival Fudge<\/title>\n<meta name=\"description\" content=\"FUDGE propose diff\u00e9rentes activit\u00e9s, classes et ateliers pour les professionnels de la danse et des arts vivants jeune public.\" \/>\n<meta name=\"robots\" content=\"index, follow, max-snippet:-1, max-image-preview:large, max-video-preview:-1\" \/>\n<link rel=\"canonical\" href=\"https:\/\/festivalfudge.ca\/en\/for-professionals\/\" \/>\n<meta property=\"og:locale\" content=\"en_US\" \/>\n<meta property=\"og:type\" content=\"article\" \/>\n<meta property=\"og:title\" content=\"For professionals - Festival Fudge\" \/>\n<meta property=\"og:description\" content=\"FUDGE propose diff\u00e9rentes activit\u00e9s, classes et ateliers pour les professionnels de la danse et des arts vivants jeune public.\" \/>\n<meta property=\"og:url\" content=\"https:\/\/festivalfudge.ca\/en\/for-professionals\/\" \/>\n<meta property=\"og:site_name\" content=\"Festival Fudge\" \/>\n<meta property=\"article:modified_time\" content=\"2022-03-22T02:24:23+00:00\" \/>\n<meta name=\"twitter:card\" content=\"summary_large_image\" \/>\n<script type=\"application\/ld+json\" class=\"yoast-schema-graph\">{\"@context\":\"https:\\\/\\\/schema.org\",\"@graph\":[{\"@type\":\"WebPage\",\"@id\":\"https:\\\/\\\/festivalfudge.ca\\\/en\\\/for-professionals\\\/\",\"url\":\"https:\\\/\\\/festivalfudge.ca\\\/en\\\/for-professionals\\\/\",\"name\":\"For professionals - Festival Fudge\",\"isPartOf\":{\"@id\":\"https:\\\/\\\/festivalfudge.ca\\\/en\\\/#website\"},\"datePublished\":\"2022-02-15T14:53:12+00:00\",\"dateModified\":\"2022-03-22T02:24:23+00:00\",\"description\":\"FUDGE propose diff\u00e9rentes activit\u00e9s, classes et ateliers pour les professionnels de la danse et des arts vivants jeune public.\",\"breadcrumb\":{\"@id\":\"https:\\\/\\\/festivalfudge.ca\\\/en\\\/for-professionals\\\/#breadcrumb\"},\"inLanguage\":\"en-CA\",\"potentialAction\":[{\"@type\":\"ReadAction\",\"target\":[\"https:\\\/\\\/festivalfudge.ca\\\/en\\\/for-professionals\\\/\"]}]},{\"@type\":\"BreadcrumbList\",\"@id\":\"https:\\\/\\\/festivalfudge.ca\\\/en\\\/for-professionals\\\/#breadcrumb\",\"itemListElement\":[{\"@type\":\"ListItem\",\"position\":1,\"name\":\"Home\",\"item\":\"https:\\\/\\\/festivalfudge.ca\\\/en\\\/\"},{\"@type\":\"ListItem\",\"position\":2,\"name\":\"For professionals\"}]},{\"@type\":\"WebSite\",\"@id\":\"https:\\\/\\\/festivalfudge.ca\\\/en\\\/#website\",\"url\":\"https:\\\/\\\/festivalfudge.ca\\\/en\\\/\",\"name\":\"Festival Fudge\",\"description\":\"Le premier festival en Am\u00e9rique du Nord consacr\u00e9 \u00e0 la danse contemporaine pour enfants\",\"potentialAction\":[{\"@type\":\"SearchAction\",\"target\":{\"@type\":\"EntryPoint\",\"urlTemplate\":\"https:\\\/\\\/festivalfudge.ca\\\/en\\\/?s={search_term_string}\"},\"query-input\":{\"@type\":\"PropertyValueSpecification\",\"valueRequired\":true,\"valueName\":\"search_term_string\"}}],\"inLanguage\":\"en-CA\"}]}<\/script>\n<!-- \/ Yoast SEO plugin. -->","yoast_head_json":{"title":"For professionals - Festival Fudge","description":"FUDGE propose diff\u00e9rentes activit\u00e9s, classes et ateliers pour les professionnels de la danse et des arts vivants jeune public.","robots":{"index":"index","follow":"follow","max-snippet":"max-snippet:-1","max-image-preview":"max-image-preview:large","max-video-preview":"max-video-preview:-1"},"canonical":"https:\/\/festivalfudge.ca\/en\/for-professionals\/","og_locale":"en_US","og_type":"article","og_title":"For professionals - Festival Fudge","og_description":"FUDGE propose diff\u00e9rentes activit\u00e9s, classes et ateliers pour les professionnels de la danse et des arts vivants jeune public.","og_url":"https:\/\/festivalfudge.ca\/en\/for-professionals\/","og_site_name":"Festival Fudge","article_modified_time":"2022-03-22T02:24:23+00:00","twitter_card":"summary_large_image","schema":{"@context":"https:\/\/schema.org","@graph":[{"@type":"WebPage","@id":"https:\/\/festivalfudge.ca\/en\/for-professionals\/","url":"https:\/\/festivalfudge.ca\/en\/for-professionals\/","name":"For professionals - Festival Fudge","isPartOf":{"@id":"https:\/\/festivalfudge.ca\/en\/#website"},"datePublished":"2022-02-15T14:53:12+00:00","dateModified":"2022-03-22T02:24:23+00:00","description":"FUDGE propose diff\u00e9rentes activit\u00e9s, classes et ateliers pour les professionnels de la danse et des arts vivants jeune public.","breadcrumb":{"@id":"https:\/\/festivalfudge.ca\/en\/for-professionals\/#breadcrumb"},"inLanguage":"en-CA","potentialAction":[{"@type":"ReadAction","target":["https:\/\/festivalfudge.ca\/en\/for-professionals\/"]}]},{"@type":"BreadcrumbList","@id":"https:\/\/festivalfudge.ca\/en\/for-professionals\/#breadcrumb","itemListElement":[{"@type":"ListItem","position":1,"name":"Home","item":"https:\/\/festivalfudge.ca\/en\/"},{"@type":"ListItem","position":2,"name":"For professionals"}]},{"@type":"WebSite","@id":"https:\/\/festivalfudge.ca\/en\/#website","url":"https:\/\/festivalfudge.ca\/en\/","name":"Festival Fudge","description":"Le premier festival en Am\u00e9rique du Nord consacr\u00e9 \u00e0 la danse contemporaine pour enfants","potentialAction":[{"@type":"SearchAction","target":{"@type":"EntryPoint","urlTemplate":"https:\/\/festivalfudge.ca\/en\/?s={search_term_string}"},"query-input":{"@type":"PropertyValueSpecification","valueRequired":true,"valueName":"search_term_string"}}],"inLanguage":"en-CA"}]}},"_links":{"self":[{"href":"https:\/\/festivalfudge.ca\/en\/wp-json\/wp\/v2\/pages\/539","targetHints":{"allow":["GET"]}}],"collection":[{"href":"https:\/\/festivalfudge.ca\/en\/wp-json\/wp\/v2\/pages"}],"about":[{"href":"https:\/\/festivalfudge.ca\/en\/wp-json\/wp\/v2\/types\/page"}],"author":[{"embeddable":true,"href":"https:\/\/festivalfudge.ca\/en\/wp-json\/wp\/v2\/users\/1"}],"replies":[{"embeddable":true,"href":"https:\/\/festivalfudge.ca\/en\/wp-json\/wp\/v2\/comments?post=539"}],"version-history":[{"count":0,"href":"https:\/\/festivalfudge.ca\/en\/wp-json\/wp\/v2\/pages\/539\/revisions"}],"wp:attachment":[{"href":"https:\/\/festivalfudge.ca\/en\/wp-json\/wp\/v2\/media?parent=539"}],"curies":[{"name":"wp","href":"https:\/\/api.w.org\/{rel}","templated":true}]}}